{"id":51,"date":"2024-12-20T21:59:56","date_gmt":"2024-12-20T20:59:56","guid":{"rendered":"https:\/\/aass34.fr\/?page_id=51"},"modified":"2025-01-16T09:37:32","modified_gmt":"2025-01-16T08:37:32","slug":"postes-de-secours","status":"publish","type":"page","link":"https:\/\/aass34.fr\/index.php\/postes-de-secours\/","title":{"rendered":"Postes de secours"},"content":{"rendered":"\t\t<div data-elementor-type=\"wp-page\" data-elementor-id=\"51\" class=\"elementor elementor-51\">\n\t\t\t\t<div class=\"elementor-element elementor-element-e5fcb4c e-flex e-con-boxed e-con e-parent\" data-id=\"e5fcb4c\" data-element_type=\"container\" data-e-type=\"container\">\n\t\t\t\t\t<div class=\"e-con-inner\">\n\t\t<div class=\"elementor-element elementor-element-618320b e-con-full e-flex e-con e-child\" data-id=\"618320b\" data-element_type=\"container\" data-e-type=\"container\">\n\t\t\t\t<div class=\"elementor-element elementor-element-58eeccf elementor-widget elementor-widget-heading\" data-id=\"58eeccf\" data-element_type=\"widget\" data-e-type=\"widget\" data-widget_type=\"heading.default\">\n\t\t\t\t<div class=\"elementor-widget-container\">\n\t\t\t\t\t<h2 class=\"elementor-heading-title elementor-size-default\"><span style=\"font-weight:normal\"><p dir=\"ltr\" style=\"line-height:1.38;margin-top:0pt;margin-bottom:3pt\"><span style=\"color: var( --e-global-color-primary );font-weight: 600;letter-spacing: var(--h2letterspacing);text-transform: var(--h2texttransform);background-color: var(--nv-site-bg)\">Les <\/span><span style=\"color: var( --e-global-color-primary );font-weight: 600;letter-spacing: var(--h2letterspacing);text-transform: var(--h2texttransform);background-color: var(--nv-site-bg)\">Dispositifs Pr\u00e9visionnels de Secours <\/span><span style=\"color: var( --e-global-color-primary );font-weight: 600;letter-spacing: var(--h2letterspacing);text-transform: var(--h2texttransform);background-color: var(--nv-site-bg)\">(DPS)<\/span><\/p><\/span><\/h2>\t\t\t\t<\/div>\n\t\t\t\t<\/div>\n\t\t\t\t<div class=\"elementor-element elementor-element-0e2cb0c elementor-widget elementor-widget-text-editor\" data-id=\"0e2cb0c\" data-element_type=\"widget\" data-e-type=\"widget\" data-widget_type=\"text-editor.default\">\n\t\t\t\t<div class=\"elementor-widget-container\">\n\t\t\t\t\t\t\t\t\t<p>Les <strong>DPS<\/strong>, ou <strong>Dispositifs Pr\u00e9visionnels de Secours<\/strong>, sont des syst\u00e8mes organis\u00e9s pour garantir la <strong>s\u00e9curit\u00e9<\/strong> lors d\u2019\u00e9v\u00e9nements publics. Encadr\u00e9s par des secouristes et sauveteurs qualifi\u00e9s, ils permettent une intervention rapide et efficace en cas d\u2019urgence m\u00e9dicale.<\/p><p>Que ce soit pour des comp\u00e9titions sportives, des festivals, ou des rassemblements, les DPS assurent une pr\u00e9sence rassurante et essentielle pour la s\u00e9curit\u00e9 de tous.<\/p>\t\t\t\t\t\t\t\t<\/div>\n\t\t\t\t<\/div>\n\t\t\t\t<\/div>\n\t\t<div class=\"elementor-element elementor-element-8a2faa1 e-con-full e-flex e-con e-child\" data-id=\"8a2faa1\" data-element_type=\"container\" data-e-type=\"container\" data-settings=\"{&quot;background_background&quot;:&quot;classic&quot;}\">\n\t\t\t\t<div class=\"elementor-element elementor-element-86ba735 elementor-widget elementor-widget-spacer\" data-id=\"86ba735\" data-element_type=\"widget\" data-e-type=\"widget\" data-widget_type=\"spacer.default\">\n\t\t\t\t<div class=\"elementor-widget-container\">\n\t\t\t\t\t\t\t<div class=\"elementor-spacer\">\n\t\t\t<div class=\"elementor-spacer-inner\"><\/div>\n\t\t<\/div>\n\t\t\t\t\t\t<\/div>\n\t\t\t\t<\/div>\n\t\t\t\t<div class=\"elementor-element elementor-element-48afcba elementor-align-center elementor-widget elementor-widget-button\" data-id=\"48afcba\" data-element_type=\"widget\" data-e-type=\"widget\" data-widget_type=\"button.default\">\n\t\t\t\t<div class=\"elementor-widget-container\">\n\t\t\t\t\t\t\t\t\t<div class=\"elementor-button-wrapper\">\n\t\t\t\t\t<a class=\"elementor-button elementor-button-link elementor-size-sm\" href=\"https:\/\/aass34.fr\/index.php\/demander-un-dps\/%20\">\n\t\t\t\t\t\t<span class=\"elementor-button-content-wrapper\">\n\t\t\t\t\t\t\t\t\t<span class=\"elementor-button-text\">Demander un DPS<\/span>\n\t\t\t\t\t<\/span>\n\t\t\t\t\t<\/a>\n\t\t\t\t<\/div>\n\t\t\t\t\t\t\t\t<\/div>\n\t\t\t\t<\/div>\n\t\t\t\t<div class=\"elementor-element elementor-element-f02a989 elementor-widget elementor-widget-spacer\" data-id=\"f02a989\" data-element_type=\"widget\" data-e-type=\"widget\" data-widget_type=\"spacer.default\">\n\t\t\t\t<div class=\"elementor-widget-container\">\n\t\t\t\t\t\t\t<div class=\"elementor-spacer\">\n\t\t\t<div class=\"elementor-spacer-inner\"><\/div>\n\t\t<\/div>\n\t\t\t\t\t\t<\/div>\n\t\t\t\t<\/div>\n\t\t\t\t<\/div>\n\t\t<div class=\"elementor-element elementor-element-b6acabb e-con-full e-flex e-con e-child\" data-id=\"b6acabb\" data-element_type=\"container\" data-e-type=\"container\" data-settings=\"{&quot;background_background&quot;:&quot;classic&quot;}\">\n\t\t\t\t<div class=\"elementor-element elementor-element-672899a elementor-widget elementor-widget-spacer\" data-id=\"672899a\" data-element_type=\"widget\" data-e-type=\"widget\" data-widget_type=\"spacer.default\">\n\t\t\t\t<div class=\"elementor-widget-container\">\n\t\t\t\t\t\t\t<div class=\"elementor-spacer\">\n\t\t\t<div class=\"elementor-spacer-inner\"><\/div>\n\t\t<\/div>\n\t\t\t\t\t\t<\/div>\n\t\t\t\t<\/div>\n\t\t\t\t<div class=\"elementor-element elementor-element-6e3135d elementor-align-center elementor-widget elementor-widget-button\" data-id=\"6e3135d\" data-element_type=\"widget\" data-e-type=\"widget\" data-widget_type=\"button.default\">\n\t\t\t\t<div class=\"elementor-widget-container\">\n\t\t\t\t\t\t\t\t\t<div class=\"elementor-button-wrapper\">\n\t\t\t\t\t<a class=\"elementor-button elementor-button-link elementor-size-sm\" href=\"https:\/\/aass34.fr\/index.php\/devenir-secouriste-benevole\/\">\n\t\t\t\t\t\t<span class=\"elementor-button-content-wrapper\">\n\t\t\t\t\t\t\t\t\t<span class=\"elementor-button-text\">Devenir secouriste b\u00e9n\u00e9vole<\/span>\n\t\t\t\t\t<\/span>\n\t\t\t\t\t<\/a>\n\t\t\t\t<\/div>\n\t\t\t\t\t\t\t\t<\/div>\n\t\t\t\t<\/div>\n\t\t\t\t<div class=\"elementor-element elementor-element-58af0f4 elementor-widget elementor-widget-spacer\" data-id=\"58af0f4\" data-element_type=\"widget\" data-e-type=\"widget\" data-widget_type=\"spacer.default\">\n\t\t\t\t<div class=\"elementor-widget-container\">\n\t\t\t\t\t\t\t<div class=\"elementor-spacer\">\n\t\t\t<div class=\"elementor-spacer-inner\"><\/div>\n\t\t<\/div>\n\t\t\t\t\t\t<\/div>\n\t\t\t\t<\/div>\n\t\t\t\t<\/div>\n\t\t\t\t\t<\/div>\n\t\t\t\t<\/div>\n\t\t<div class=\"elementor-element elementor-element-805daa5 e-flex e-con-boxed e-con e-parent\" data-id=\"805daa5\" data-element_type=\"container\" data-e-type=\"container\">\n\t\t\t\t\t<div class=\"e-con-inner\">\n\t\t\t\t<div class=\"elementor-element elementor-element-c668075 elementor-widget elementor-widget-spacer\" data-id=\"c668075\" data-element_type=\"widget\" data-e-type=\"widget\" data-widget_type=\"spacer.default\">\n\t\t\t\t<div class=\"elementor-widget-container\">\n\t\t\t\t\t\t\t<div class=\"elementor-spacer\">\n\t\t\t<div class=\"elementor-spacer-inner\"><\/div>\n\t\t<\/div>\n\t\t\t\t\t\t<\/div>\n\t\t\t\t<\/div>\n\t\t\t\t\t<\/div>\n\t\t\t\t<\/div>\n\t\t\t\t<\/div>\n\t\t","protected":false},"excerpt":{"rendered":"<p>Les Dispositifs Pr\u00e9visionnels de Secours (DPS) Les DPS, ou Dispositifs Pr\u00e9visionnels de Secours, sont des syst\u00e8mes organis\u00e9s pour garantir la s\u00e9curit\u00e9 lors d\u2019\u00e9v\u00e9nements publics. Encadr\u00e9s par des secouristes et sauveteurs qualifi\u00e9s, ils permettent une intervention rapide et efficace en cas d\u2019urgence m\u00e9dicale. Que ce soit pour des comp\u00e9titions sportives, des festivals, ou des rassemblements, les&hellip;&nbsp;<a href=\"https:\/\/aass34.fr\/index.php\/postes-de-secours\/\" rel=\"bookmark\">Read More &raquo;<span class=\"screen-reader-text\">Postes de secours<\/span><\/a><\/p>\n","protected":false},"author":1,"featured_media":0,"parent":0,"menu_order":0,"comment_status":"closed","ping_status":"closed","template":"page-templates\/template-pagebuilder-full-width.php","meta":{"neve_meta_sidebar":"","neve_meta_container":"","neve_meta_enable_content_width":"on","neve_meta_content_width":100,"neve_meta_title_alignment":"","neve_meta_author_avatar":"","neve_post_elements_order":"","neve_meta_disable_header":"","neve_meta_disable_footer":"","neve_meta_disable_title":"on","footnotes":""},"class_list":["post-51","page","type-page","status-publish","hentry"],"yoast_head":"<!-- This site is optimized with the Yoast SEO plugin v27.4 - https:\/\/yoast.com\/product\/yoast-seo-wordpress\/ -->\n<title>Postes de secours - AASS<\/title>\n<meta name=\"description\" content=\"Vous organisez un \u00e9v\u00e9nement et vous avez besoin de secouristes ? D\u00e9couvrez les solutions que l&#039;AASS vous propose pour assurer la s\u00e9curit\u00e9 !\" \/>\n<meta name=\"robots\" content=\"index, follow, max-snippet:-1, max-image-preview:large, max-video-preview:-1\" \/>\n<link rel=\"canonical\" href=\"https:\/\/aass34.fr\/index.php\/postes-de-secours\/\" \/>\n<meta property=\"og:locale\" content=\"en_US\" \/>\n<meta property=\"og:type\" content=\"article\" \/>\n<meta property=\"og:title\" content=\"Postes de secours - AASS\" \/>\n<meta property=\"og:description\" content=\"Vous organisez un \u00e9v\u00e9nement et vous avez besoin de secouristes ? D\u00e9couvrez les solutions que l&#039;AASS vous propose pour assurer la s\u00e9curit\u00e9 !\" \/>\n<meta property=\"og:url\" content=\"https:\/\/aass34.fr\/index.php\/postes-de-secours\/\" \/>\n<meta property=\"og:site_name\" content=\"AASS\" \/>\n<meta property=\"article:modified_time\" content=\"2025-01-16T08:37:32+00:00\" \/>\n<meta name=\"twitter:card\" content=\"summary_large_image\" \/>\n<meta name=\"twitter:label1\" content=\"Est. reading time\" \/>\n\t<meta name=\"twitter:data1\" content=\"1 minute\" \/>\n<script type=\"application\/ld+json\" class=\"yoast-schema-graph\">{\"@context\":\"https:\\\/\\\/schema.org\",\"@graph\":[{\"@type\":\"WebPage\",\"@id\":\"https:\\\/\\\/aass34.fr\\\/index.php\\\/postes-de-secours\\\/\",\"url\":\"https:\\\/\\\/aass34.fr\\\/index.php\\\/postes-de-secours\\\/\",\"name\":\"Postes de secours - AASS\",\"isPartOf\":{\"@id\":\"https:\\\/\\\/aass34.fr\\\/#website\"},\"datePublished\":\"2024-12-20T20:59:56+00:00\",\"dateModified\":\"2025-01-16T08:37:32+00:00\",\"description\":\"Vous organisez un \u00e9v\u00e9nement et vous avez besoin de secouristes ? D\u00e9couvrez les solutions que l'AASS vous propose pour assurer la s\u00e9curit\u00e9 !\",\"breadcrumb\":{\"@id\":\"https:\\\/\\\/aass34.fr\\\/index.php\\\/postes-de-secours\\\/#breadcrumb\"},\"inLanguage\":\"en-US\",\"potentialAction\":[{\"@type\":\"ReadAction\",\"target\":[\"https:\\\/\\\/aass34.fr\\\/index.php\\\/postes-de-secours\\\/\"]}]},{\"@type\":\"BreadcrumbList\",\"@id\":\"https:\\\/\\\/aass34.fr\\\/index.php\\\/postes-de-secours\\\/#breadcrumb\",\"itemListElement\":[{\"@type\":\"ListItem\",\"position\":1,\"name\":\"Accueil\",\"item\":\"https:\\\/\\\/aass34.fr\\\/\"},{\"@type\":\"ListItem\",\"position\":2,\"name\":\"Postes de secours\"}]},{\"@type\":\"WebSite\",\"@id\":\"https:\\\/\\\/aass34.fr\\\/#website\",\"url\":\"https:\\\/\\\/aass34.fr\\\/\",\"name\":\"AASS\",\"description\":\"Association Agathoise Sauvetage Secourisme et Natation\",\"potentialAction\":[{\"@type\":\"SearchAction\",\"target\":{\"@type\":\"EntryPoint\",\"urlTemplate\":\"https:\\\/\\\/aass34.fr\\\/?s={search_term_string}\"},\"query-input\":{\"@type\":\"PropertyValueSpecification\",\"valueRequired\":true,\"valueName\":\"search_term_string\"}}],\"inLanguage\":\"en-US\"}]}<\/script>\n<!-- \/ Yoast SEO plugin. -->","yoast_head_json":{"title":"Postes de secours - AASS","description":"Vous organisez un \u00e9v\u00e9nement et vous avez besoin de secouristes ? D\u00e9couvrez les solutions que l'AASS vous propose pour assurer la s\u00e9curit\u00e9 !","robots":{"index":"index","follow":"follow","max-snippet":"max-snippet:-1","max-image-preview":"max-image-preview:large","max-video-preview":"max-video-preview:-1"},"canonical":"https:\/\/aass34.fr\/index.php\/postes-de-secours\/","og_locale":"en_US","og_type":"article","og_title":"Postes de secours - AASS","og_description":"Vous organisez un \u00e9v\u00e9nement et vous avez besoin de secouristes ? D\u00e9couvrez les solutions que l'AASS vous propose pour assurer la s\u00e9curit\u00e9 !","og_url":"https:\/\/aass34.fr\/index.php\/postes-de-secours\/","og_site_name":"AASS","article_modified_time":"2025-01-16T08:37:32+00:00","twitter_card":"summary_large_image","twitter_misc":{"Est. reading time":"1 minute"},"schema":{"@context":"https:\/\/schema.org","@graph":[{"@type":"WebPage","@id":"https:\/\/aass34.fr\/index.php\/postes-de-secours\/","url":"https:\/\/aass34.fr\/index.php\/postes-de-secours\/","name":"Postes de secours - AASS","isPartOf":{"@id":"https:\/\/aass34.fr\/#website"},"datePublished":"2024-12-20T20:59:56+00:00","dateModified":"2025-01-16T08:37:32+00:00","description":"Vous organisez un \u00e9v\u00e9nement et vous avez besoin de secouristes ? D\u00e9couvrez les solutions que l'AASS vous propose pour assurer la s\u00e9curit\u00e9 !","breadcrumb":{"@id":"https:\/\/aass34.fr\/index.php\/postes-de-secours\/#breadcrumb"},"inLanguage":"en-US","potentialAction":[{"@type":"ReadAction","target":["https:\/\/aass34.fr\/index.php\/postes-de-secours\/"]}]},{"@type":"BreadcrumbList","@id":"https:\/\/aass34.fr\/index.php\/postes-de-secours\/#breadcrumb","itemListElement":[{"@type":"ListItem","position":1,"name":"Accueil","item":"https:\/\/aass34.fr\/"},{"@type":"ListItem","position":2,"name":"Postes de secours"}]},{"@type":"WebSite","@id":"https:\/\/aass34.fr\/#website","url":"https:\/\/aass34.fr\/","name":"AASS","description":"Association Agathoise Sauvetage Secourisme et Natation","potentialAction":[{"@type":"SearchAction","target":{"@type":"EntryPoint","urlTemplate":"https:\/\/aass34.fr\/?s={search_term_string}"},"query-input":{"@type":"PropertyValueSpecification","valueRequired":true,"valueName":"search_term_string"}}],"inLanguage":"en-US"}]}},"_links":{"self":[{"href":"https:\/\/aass34.fr\/index.php\/wp-json\/wp\/v2\/pages\/51","targetHints":{"allow":["GET"]}}],"collection":[{"href":"https:\/\/aass34.fr\/index.php\/wp-json\/wp\/v2\/pages"}],"about":[{"href":"https:\/\/aass34.fr\/index.php\/wp-json\/wp\/v2\/types\/page"}],"author":[{"embeddable":true,"href":"https:\/\/aass34.fr\/index.php\/wp-json\/wp\/v2\/users\/1"}],"replies":[{"embeddable":true,"href":"https:\/\/aass34.fr\/index.php\/wp-json\/wp\/v2\/comments?post=51"}],"version-history":[{"count":10,"href":"https:\/\/aass34.fr\/index.php\/wp-json\/wp\/v2\/pages\/51\/revisions"}],"predecessor-version":[{"id":468,"href":"https:\/\/aass34.fr\/index.php\/wp-json\/wp\/v2\/pages\/51\/revisions\/468"}],"wp:attachment":[{"href":"https:\/\/aass34.fr\/index.php\/wp-json\/wp\/v2\/media?parent=51"}],"curies":[{"name":"wp","href":"https:\/\/api.w.org\/{rel}","templated":true}]}}