{"id":1631,"date":"2026-02-19T15:52:41","date_gmt":"2026-02-19T14:52:41","guid":{"rendered":"https:\/\/aass34.fr\/?page_id=1631"},"modified":"2026-03-12T15:21:30","modified_gmt":"2026-03-12T14:21:30","slug":"handicap","status":"publish","type":"page","link":"https:\/\/aass34.fr\/index.php\/handicap\/","title":{"rendered":"HANDICAP"},"content":{"rendered":"\t\t<div data-elementor-type=\"wp-page\" data-elementor-id=\"1631\" class=\"elementor elementor-1631\">\n\t\t\t\t<div class=\"elementor-element elementor-element-a1b1802 e-flex e-con-boxed e-con e-parent\" data-id=\"a1b1802\" data-element_type=\"container\" data-e-type=\"container\">\n\t\t\t\t\t<div class=\"e-con-inner\">\n\t\t\t\t<div class=\"elementor-element elementor-element-e2b58cc elementor-widget elementor-widget-heading\" data-id=\"e2b58cc\" data-element_type=\"widget\" data-e-type=\"widget\" data-widget_type=\"heading.default\">\n\t\t\t\t<div class=\"elementor-widget-container\">\n\t\t\t\t\t<h2 class=\"elementor-heading-title elementor-size-default\">L'AASS et le Handicap<\/h2>\t\t\t\t<\/div>\n\t\t\t\t<\/div>\n\t\t\t\t<div class=\"elementor-element elementor-element-eca3c69 elementor-widget elementor-widget-text-editor\" data-id=\"eca3c69\" data-element_type=\"widget\" data-e-type=\"widget\" data-widget_type=\"text-editor.default\">\n\t\t\t\t<div class=\"elementor-widget-container\">\n\t\t\t\t\t\t\t\t\t<p class=\"font-claude-response-body break-words whitespace-normal leading-[1.7]\">L&#8217;AASS s&#8217;engage pleinement en faveur des personnes en situation de handicap, en proposant un accompagnement adapt\u00e9 \u00e0 chaque situation. Consciente des besoins sp\u00e9cifiques de chacun, elle met tout en \u0153uvre pour garantir une prise en charge bienveillante et personnalis\u00e9e.<\/p><p class=\"font-claude-response-body break-words whitespace-normal leading-[1.7]\">Pour toute question ou demande d&#8217;information compl\u00e9mentaire, n&#8217;h\u00e9sitez pas \u00e0 nous contacter :<\/p><p class=\"font-claude-response-body break-words whitespace-normal leading-[1.7]\"><strong>Par t\u00e9l\u00e9phone<\/strong> \u2013 04 67 00 05 32<br \/><strong>Par e-mail<\/strong> \u2013 <a class=\"underline underline underline-offset-2 decoration-1 decoration-current\/40 hover:decoration-current focus:decoration-current\" href=\"mailto:aass34@orange.fr\">aass34@orange.fr<\/a><br \/>Nous sommes l\u00e0 pour vous accompagner.<\/p>\t\t\t\t\t\t\t\t<\/div>\n\t\t\t\t<\/div>\n\t\t\t\t\t<\/div>\n\t\t\t\t<\/div>\n\t\t<div class=\"elementor-element elementor-element-852569d e-flex e-con-boxed e-con e-parent\" data-id=\"852569d\" data-element_type=\"container\" data-e-type=\"container\">\n\t\t\t\t\t<div class=\"e-con-inner\">\n\t\t\t\t<div class=\"elementor-element elementor-element-88ba54c elementor-widget elementor-widget-heading\" data-id=\"88ba54c\" data-element_type=\"widget\" data-e-type=\"widget\" data-widget_type=\"heading.default\">\n\t\t\t\t<div class=\"elementor-widget-container\">\n\t\t\t\t\t<h2 class=\"elementor-heading-title elementor-size-default\">Plan d'acc\u00e8s<\/h2>\t\t\t\t<\/div>\n\t\t\t\t<\/div>\n\t\t\t\t<div class=\"elementor-element elementor-element-41684d2 elementor-widget__width-initial elementor-widget elementor-widget-image\" data-id=\"41684d2\" data-element_type=\"widget\" data-e-type=\"widget\" data-widget_type=\"image.default\">\n\t\t\t\t<div class=\"elementor-widget-container\">\n\t\t\t\t\t\t\t\t\t\t\t\t\t\t\t<img fetchpriority=\"high\" decoding=\"async\" width=\"946\" height=\"563\" src=\"https:\/\/aass34.fr\/wp-content\/uploads\/2026\/03\/Acces-AASS34.jpg\" class=\"attachment-large size-large wp-image-1702\" alt=\"\" srcset=\"https:\/\/aass34.fr\/wp-content\/uploads\/2026\/03\/Acces-AASS34.jpg 946w, https:\/\/aass34.fr\/wp-content\/uploads\/2026\/03\/Acces-AASS34-300x179.jpg 300w, https:\/\/aass34.fr\/wp-content\/uploads\/2026\/03\/Acces-AASS34-768x457.jpg 768w\" sizes=\"(max-width: 946px) 100vw, 946px\" \/>\t\t\t\t\t\t\t\t\t\t\t\t\t\t\t<\/div>\n\t\t\t\t<\/div>\n\t\t\t\t<div class=\"elementor-element elementor-element-cad9021 elementor-widget elementor-widget-image\" data-id=\"cad9021\" data-element_type=\"widget\" data-e-type=\"widget\" data-widget_type=\"image.default\">\n\t\t\t\t<div class=\"elementor-widget-container\">\n\t\t\t\t\t\t\t\t\t\t\t\t\t\t\t<img decoding=\"async\" width=\"981\" height=\"423\" src=\"https:\/\/aass34.fr\/wp-content\/uploads\/2026\/03\/Capture-decran-2026-03-12-152047.png\" class=\"attachment-large size-large wp-image-1715\" alt=\"\" srcset=\"https:\/\/aass34.fr\/wp-content\/uploads\/2026\/03\/Capture-decran-2026-03-12-152047.png 981w, https:\/\/aass34.fr\/wp-content\/uploads\/2026\/03\/Capture-decran-2026-03-12-152047-300x129.png 300w, https:\/\/aass34.fr\/wp-content\/uploads\/2026\/03\/Capture-decran-2026-03-12-152047-768x331.png 768w\" sizes=\"(max-width: 981px) 100vw, 981px\" \/>\t\t\t\t\t\t\t\t\t\t\t\t\t\t\t<\/div>\n\t\t\t\t<\/div>\n\t\t\t\t\t<\/div>\n\t\t\t\t<\/div>\n\t\t\t\t<\/div>\n\t\t","protected":false},"excerpt":{"rendered":"<p>L&#8217;AASS et le Handicap L&#8217;AASS s&#8217;engage pleinement en faveur des personnes en situation de handicap, en proposant un accompagnement adapt\u00e9 \u00e0 chaque situation. Consciente des besoins sp\u00e9cifiques de chacun, elle met tout en \u0153uvre pour garantir une prise en charge bienveillante et personnalis\u00e9e. Pour toute question ou demande d&#8217;information compl\u00e9mentaire, n&#8217;h\u00e9sitez pas \u00e0 nous contacter&hellip;&nbsp;<a href=\"https:\/\/aass34.fr\/index.php\/handicap\/\" rel=\"bookmark\">Read More &raquo;<span class=\"screen-reader-text\">HANDICAP<\/span><\/a><\/p>\n","protected":false},"author":1,"featured_media":0,"parent":0,"menu_order":0,"comment_status":"closed","ping_status":"closed","template":"page-templates\/template-pagebuilder-full-width.php","meta":{"neve_meta_sidebar":"","neve_meta_container":"","neve_meta_enable_content_width":"","neve_meta_content_width":0,"neve_meta_title_alignment":"","neve_meta_author_avatar":"","neve_post_elements_order":"","neve_meta_disable_header":"","neve_meta_disable_footer":"","neve_meta_disable_title":"","footnotes":""},"class_list":["post-1631","page","type-page","status-publish","hentry"],"yoast_head":"<!-- This site is optimized with the Yoast SEO plugin v27.4 - https:\/\/yoast.com\/product\/yoast-seo-wordpress\/ -->\n<title>HANDICAP - AASS<\/title>\n<meta name=\"robots\" content=\"index, follow, max-snippet:-1, max-image-preview:large, max-video-preview:-1\" \/>\n<link rel=\"canonical\" href=\"https:\/\/aass34.fr\/index.php\/handicap\/\" \/>\n<meta property=\"og:locale\" content=\"en_US\" \/>\n<meta property=\"og:type\" content=\"article\" \/>\n<meta property=\"og:title\" content=\"HANDICAP - AASS\" \/>\n<meta property=\"og:description\" content=\"L&#8217;AASS et le Handicap L&#8217;AASS s&#8217;engage pleinement en faveur des personnes en situation de handicap, en proposant un accompagnement adapt\u00e9 \u00e0 chaque situation. Consciente des besoins sp\u00e9cifiques de chacun, elle met tout en \u0153uvre pour garantir une prise en charge bienveillante et personnalis\u00e9e. Pour toute question ou demande d&#8217;information compl\u00e9mentaire, n&#8217;h\u00e9sitez pas \u00e0 nous contacter&hellip;&nbsp;Read More &raquo;HANDICAP\" \/>\n<meta property=\"og:url\" content=\"https:\/\/aass34.fr\/index.php\/handicap\/\" \/>\n<meta property=\"og:site_name\" content=\"AASS\" \/>\n<meta property=\"article:modified_time\" content=\"2026-03-12T14:21:30+00:00\" \/>\n<meta property=\"og:image\" content=\"https:\/\/aass34.fr\/wp-content\/uploads\/2026\/03\/Acces-AASS34.jpg\" \/>\n\t<meta property=\"og:image:width\" content=\"946\" \/>\n\t<meta property=\"og:image:height\" content=\"563\" \/>\n\t<meta property=\"og:image:type\" content=\"image\/jpeg\" \/>\n<meta name=\"twitter:card\" content=\"summary_large_image\" \/>\n<meta name=\"twitter:label1\" content=\"Est. reading time\" \/>\n\t<meta name=\"twitter:data1\" content=\"1 minute\" \/>\n<script type=\"application\/ld+json\" class=\"yoast-schema-graph\">{\"@context\":\"https:\\\/\\\/schema.org\",\"@graph\":[{\"@type\":\"WebPage\",\"@id\":\"https:\\\/\\\/aass34.fr\\\/index.php\\\/handicap\\\/\",\"url\":\"https:\\\/\\\/aass34.fr\\\/index.php\\\/handicap\\\/\",\"name\":\"HANDICAP - AASS\",\"isPartOf\":{\"@id\":\"https:\\\/\\\/aass34.fr\\\/#website\"},\"primaryImageOfPage\":{\"@id\":\"https:\\\/\\\/aass34.fr\\\/index.php\\\/handicap\\\/#primaryimage\"},\"image\":{\"@id\":\"https:\\\/\\\/aass34.fr\\\/index.php\\\/handicap\\\/#primaryimage\"},\"thumbnailUrl\":\"https:\\\/\\\/aass34.fr\\\/wp-content\\\/uploads\\\/2026\\\/03\\\/Acces-AASS34.jpg\",\"datePublished\":\"2026-02-19T14:52:41+00:00\",\"dateModified\":\"2026-03-12T14:21:30+00:00\",\"breadcrumb\":{\"@id\":\"https:\\\/\\\/aass34.fr\\\/index.php\\\/handicap\\\/#breadcrumb\"},\"inLanguage\":\"en-US\",\"potentialAction\":[{\"@type\":\"ReadAction\",\"target\":[\"https:\\\/\\\/aass34.fr\\\/index.php\\\/handicap\\\/\"]}]},{\"@type\":\"ImageObject\",\"inLanguage\":\"en-US\",\"@id\":\"https:\\\/\\\/aass34.fr\\\/index.php\\\/handicap\\\/#primaryimage\",\"url\":\"https:\\\/\\\/aass34.fr\\\/wp-content\\\/uploads\\\/2026\\\/03\\\/Acces-AASS34.jpg\",\"contentUrl\":\"https:\\\/\\\/aass34.fr\\\/wp-content\\\/uploads\\\/2026\\\/03\\\/Acces-AASS34.jpg\",\"width\":946,\"height\":563},{\"@type\":\"BreadcrumbList\",\"@id\":\"https:\\\/\\\/aass34.fr\\\/index.php\\\/handicap\\\/#breadcrumb\",\"itemListElement\":[{\"@type\":\"ListItem\",\"position\":1,\"name\":\"Accueil\",\"item\":\"https:\\\/\\\/aass34.fr\\\/\"},{\"@type\":\"ListItem\",\"position\":2,\"name\":\"HANDICAP\"}]},{\"@type\":\"WebSite\",\"@id\":\"https:\\\/\\\/aass34.fr\\\/#website\",\"url\":\"https:\\\/\\\/aass34.fr\\\/\",\"name\":\"AASS\",\"description\":\"Association Agathoise Sauvetage Secourisme et Natation\",\"potentialAction\":[{\"@type\":\"SearchAction\",\"target\":{\"@type\":\"EntryPoint\",\"urlTemplate\":\"https:\\\/\\\/aass34.fr\\\/?s={search_term_string}\"},\"query-input\":{\"@type\":\"PropertyValueSpecification\",\"valueRequired\":true,\"valueName\":\"search_term_string\"}}],\"inLanguage\":\"en-US\"}]}<\/script>\n<!-- \/ Yoast SEO plugin. -->","yoast_head_json":{"title":"HANDICAP - AASS","robots":{"index":"index","follow":"follow","max-snippet":"max-snippet:-1","max-image-preview":"max-image-preview:large","max-video-preview":"max-video-preview:-1"},"canonical":"https:\/\/aass34.fr\/index.php\/handicap\/","og_locale":"en_US","og_type":"article","og_title":"HANDICAP - AASS","og_description":"L&#8217;AASS et le Handicap L&#8217;AASS s&#8217;engage pleinement en faveur des personnes en situation de handicap, en proposant un accompagnement adapt\u00e9 \u00e0 chaque situation. Consciente des besoins sp\u00e9cifiques de chacun, elle met tout en \u0153uvre pour garantir une prise en charge bienveillante et personnalis\u00e9e. Pour toute question ou demande d&#8217;information compl\u00e9mentaire, n&#8217;h\u00e9sitez pas \u00e0 nous contacter&hellip;&nbsp;Read More &raquo;HANDICAP","og_url":"https:\/\/aass34.fr\/index.php\/handicap\/","og_site_name":"AASS","article_modified_time":"2026-03-12T14:21:30+00:00","og_image":[{"width":946,"height":563,"url":"https:\/\/aass34.fr\/wp-content\/uploads\/2026\/03\/Acces-AASS34.jpg","type":"image\/jpeg"}],"twitter_card":"summary_large_image","twitter_misc":{"Est. reading time":"1 minute"},"schema":{"@context":"https:\/\/schema.org","@graph":[{"@type":"WebPage","@id":"https:\/\/aass34.fr\/index.php\/handicap\/","url":"https:\/\/aass34.fr\/index.php\/handicap\/","name":"HANDICAP - AASS","isPartOf":{"@id":"https:\/\/aass34.fr\/#website"},"primaryImageOfPage":{"@id":"https:\/\/aass34.fr\/index.php\/handicap\/#primaryimage"},"image":{"@id":"https:\/\/aass34.fr\/index.php\/handicap\/#primaryimage"},"thumbnailUrl":"https:\/\/aass34.fr\/wp-content\/uploads\/2026\/03\/Acces-AASS34.jpg","datePublished":"2026-02-19T14:52:41+00:00","dateModified":"2026-03-12T14:21:30+00:00","breadcrumb":{"@id":"https:\/\/aass34.fr\/index.php\/handicap\/#breadcrumb"},"inLanguage":"en-US","potentialAction":[{"@type":"ReadAction","target":["https:\/\/aass34.fr\/index.php\/handicap\/"]}]},{"@type":"ImageObject","inLanguage":"en-US","@id":"https:\/\/aass34.fr\/index.php\/handicap\/#primaryimage","url":"https:\/\/aass34.fr\/wp-content\/uploads\/2026\/03\/Acces-AASS34.jpg","contentUrl":"https:\/\/aass34.fr\/wp-content\/uploads\/2026\/03\/Acces-AASS34.jpg","width":946,"height":563},{"@type":"BreadcrumbList","@id":"https:\/\/aass34.fr\/index.php\/handicap\/#breadcrumb","itemListElement":[{"@type":"ListItem","position":1,"name":"Accueil","item":"https:\/\/aass34.fr\/"},{"@type":"ListItem","position":2,"name":"HANDICAP"}]},{"@type":"WebSite","@id":"https:\/\/aass34.fr\/#website","url":"https:\/\/aass34.fr\/","name":"AASS","description":"Association Agathoise Sauvetage Secourisme et Natation","potentialAction":[{"@type":"SearchAction","target":{"@type":"EntryPoint","urlTemplate":"https:\/\/aass34.fr\/?s={search_term_string}"},"query-input":{"@type":"PropertyValueSpecification","valueRequired":true,"valueName":"search_term_string"}}],"inLanguage":"en-US"}]}},"_links":{"self":[{"href":"https:\/\/aass34.fr\/index.php\/wp-json\/wp\/v2\/pages\/1631","targetHints":{"allow":["GET"]}}],"collection":[{"href":"https:\/\/aass34.fr\/index.php\/wp-json\/wp\/v2\/pages"}],"about":[{"href":"https:\/\/aass34.fr\/index.php\/wp-json\/wp\/v2\/types\/page"}],"author":[{"embeddable":true,"href":"https:\/\/aass34.fr\/index.php\/wp-json\/wp\/v2\/users\/1"}],"replies":[{"embeddable":true,"href":"https:\/\/aass34.fr\/index.php\/wp-json\/wp\/v2\/comments?post=1631"}],"version-history":[{"count":16,"href":"https:\/\/aass34.fr\/index.php\/wp-json\/wp\/v2\/pages\/1631\/revisions"}],"predecessor-version":[{"id":1718,"href":"https:\/\/aass34.fr\/index.php\/wp-json\/wp\/v2\/pages\/1631\/revisions\/1718"}],"wp:attachment":[{"href":"https:\/\/aass34.fr\/index.php\/wp-json\/wp\/v2\/media?parent=1631"}],"curies":[{"name":"wp","href":"https:\/\/api.w.org\/{rel}","templated":true}]}}